
{"id":743,"date":"2022-09-28T10:05:24","date_gmt":"2022-09-28T08:05:24","guid":{"rendered":"https:\/\/www.spiritofhelsinki.fi\/?page_id=743"},"modified":"2023-02-03T15:37:59","modified_gmt":"2023-02-03T13:37:59","slug":"meista","status":"publish","type":"page","link":"https:\/\/www.spiritofhelsinki.fi\/fi\/meista\/","title":{"rendered":"Meist\u00e4"},"content":{"rendered":"\n<div class=\"module-hero\">\n   <div class=\"full-container\">\n\n      <div class=\"bg-black absolute inset-0 w-full h-full\">\n                  <img decoding=\"async\" class=\"h-full w-full object-cover\" src=\"https:\/\/www.spiritofhelsinki.fi\/wp-content\/uploads\/88BD018E-DBBB-48B2-9070-E2C48DAA137B_1_105_c.jpeg\" alt=\"\">\n         <div class=\"bg-black opacity-40 absolute inset-0\"><\/div>\n               <\/div>\n\n      <div class=\"relative h-full\">\n         <div class=\"site-container flex items-center\">\n            <article class=\"text-center mx-auto max-w-3xl lead light py-12 md:py-24\">\n               <h2 class=\"pt-48\">Tarinamme<\/h2>\n               <div class=\"max-w-lg pb-48 mx-auto\">\n                  <p>Lapsuuden unelmat, intohimo purjehdukseen ja rakkaus luontoon &#8211; N\u00e4m\u00e4 ovat asioita, joista kaikki tiimimme j\u00e4senet ovat intohimoisia. T\u00e4st\u00e4 tarinamme alkoi.<\/p>\n               <\/div>\n            <\/article>\n         <\/div>\n      <\/div>\n\n   <\/div>\n<\/div>\n\n\n\n<div class=\"module-text\">\n   <div class=\"full-container bg-white\">\n      <div class=\"py-12 md:py-24 site-container\">\n\n\t\t          <article class=\"mb-8 max-w-4xl mx-auto text-center\">\n            <h2>Unelma<\/h2>\n         <\/article>\n\t\t \n         <article class=\"max-w-prose text-center mx-auto\">\n            <p>Unelma ei saa olla vain kaukainen ja saavuttamaton asia. Unelma on jotain, jonka eteen ty\u00f6skentelet kovasti. Joskus unelma karkaa pidemm\u00e4lle, joskus se voidaan j\u00e4tt\u00e4\u00e4 syrj\u00e4\u00e4n, mutta kun sinulla on energiaa uskoa omaan unelmaansa, alkaa v\u00e4ist\u00e4m\u00e4tt\u00e4 tehd\u00e4 asioita sen eteen ja lopulta se toteutuu. Koskaan ei ole liian my\u00f6h\u00e4ist\u00e4 alkaa unelmoimaan. Unelma on tehty toteutumaan.<\/p>\n\n                     <\/article>\n\n      <\/div>\n   <\/div>\n<\/div>\n\n\n\n\n<div class=\"module-text\">\n   <div class=\"full-container bg-light\">\n      <div class=\"py-12 md:py-24 site-container\">\n\n\t\t          <article class=\"mb-8 max-w-4xl mx-auto text-center\">\n            <h2>Intohimo purjehdukseen<\/h2>\n         <\/article>\n\t\t \n         <article class=\"max-w-prose text-center mx-auto\">\n            <p>T\u00e4m\u00e4 on se jokin, joka yhdist\u00e4\u00e4 koko miehist\u00f6n. Intohimo purjehtimiseen Atlantilla ja etel\u00e4isell\u00e4 valtamerell\u00e4 on yhteinen niille, jotka ovat jo k\u00e4yneet siell\u00e4 ja niille, jotka eiv\u00e4t viel\u00e4 ole. Joillekin intohimona on purjehtia maailman ymp\u00e4ri. Toisille intohimo on meren luoma rauha. Toisille p\u00e4\u00e4sy Cape Hornersin klubiin. Kaikkia heit\u00e4 yhdist\u00e4\u00e4 kuitenkin intohimo p\u00e4\u00e4st\u00e4 merelle ja osallistua maailman legendaarisimmista purjehduskilpailuista.<\/p>\n\n                     <\/article>\n\n      <\/div>\n   <\/div>\n<\/div>\n\n\n\n\n<div class=\"module-text\">\n   <div class=\"full-container bg-white\">\n      <div class=\"py-12 md:py-24 site-container\">\n\n\t\t          <article class=\"mb-8 max-w-4xl mx-auto text-center\">\n            <h2>Rakkaus luontoon<\/h2>\n         <\/article>\n\t\t \n         <article class=\"max-w-prose text-center mx-auto\">\n            <p>Meret edustavat edelleen suurta ja tuntematonta luontoa. Merell\u00e4 voi kokea luonnon voiman villeimmill\u00e4\u00e4n tai n\u00e4hd\u00e4 mahtavan auringonnousun, kun vene purjehtii rauhallisesti kohti seuraavaa m\u00e4\u00e4r\u00e4np\u00e4\u00e4t\u00e4. Etel\u00e4isten valtamerten delfiinit, valaat ja albatrossit ovat j\u00e4\u00e4v\u00e4t jokaisen mieleen. Y\u00f6n t\u00e4htitaivas on jotain, jota et koe muualla kuin pilkkopime\u00e4ll\u00e4 p\u00e4iv\u00e4ntasaajalla. Etel\u00e4isill\u00e4 valtamerill\u00e4 voimme kokea meren ja luonnon sellaisina kuin ne olivat miljoonia vuosia sitten ennen ihmist\u00e4. Luonto oli t\u00e4\u00e4ll\u00e4 ennen meit\u00e4 ja pysyy t\u00e4\u00e4ll\u00e4 meid\u00e4n j\u00e4lkeen.<br \/>\nOur team consists of individuals with different skills and experience and together we are a strong team. Team spirit and Finnish SISU are our strengths and our goal is clear WIN THE RACE.<\/p>\n\n                     <\/article>\n\n      <\/div>\n   <\/div>\n<\/div>\n\n\n\n\n<div class=\"module-text\">\n   <div class=\"full-container bg-primary\">\n      <div class=\"py-12 md:py-24 site-container\">\n\n\t\t \n         <article class=\"max-w-prose text-center mx-auto\">\n            <p>\u2018SISU kuvaa suomalaisten kansallisluonnetta, joka voidaan tiivist\u00e4\u00e4 n\u00e4ihin sanoihin: stoalainen p\u00e4\u00e4tt\u00e4v\u00e4isyys, jyrkkyys, rohkeus ja sitkeys.\u2019<\/p>\n\n                     <\/article>\n\n      <\/div>\n   <\/div>\n<\/div>\n\n\n\n\n<div class=\"module-text\">\n   <div class=\"full-container bg-white\">\n      <div class=\"py-12 md:py-24 site-container\">\n\n\t\t \n         <article class=\"max-w-prose text-center mx-auto\">\n            <p>Voittavan joukkueen rakentaminen vaatii kovaa ty\u00f6t\u00e4. Viikoittaisten fyysisten harjoitusten lis\u00e4ksi ohjelmaamme kuuluu mm. navigointi- ja turvallisuuskurssit, terveystarkastukset ja henkinen valmennus. Sunnuntai kuluu veneen kunnostuksessa, torstai-iltana treenataan yhdess\u00e4 ja v\u00e4lill\u00e4 meid\u00e4t l\u00f6yt\u00e4\u00e4 illallisella tai parilla drinkill\u00e4.<\/p>\n<p>T\u00e4m\u00e4 seikkailu kehitt\u00e4\u00e4 arvokkaita ominaisuuksia, joita ei voi oppia luokkahuoneessa tai kirjasta. Ominaisuuksia kuten riskinarviointi, arvoarviointi, luottamus ja kyky kommunikoida.<\/p>\n<p>Mutta se ei koske vain meit\u00e4, meill\u00e4 on my\u00f6s eritt\u00e4in vahva tuki perheilt\u00e4mme ja he tuovat oman panoksensa projektiimme p\u00e4ivitt\u00e4in. Yhdess\u00e4 olemme vahvempia.<\/p>\n\n                     <\/article>\n\n      <\/div>\n   <\/div>\n<\/div>\n\n","protected":false},"excerpt":{"rendered":"","protected":false},"author":2,"featured_media":0,"parent":0,"menu_order":0,"comment_status":"closed","ping_status":"closed","template":"","meta":{"_acf_changed":false,"_monsterinsights_skip_tracking":false,"_monsterinsights_sitenote_active":false,"_monsterinsights_sitenote_note":"","_monsterinsights_sitenote_category":0,"footnotes":""},"class_list":["post-743","page","type-page","status-publish","hentry"],"acf":[],"yoast_head":"<!-- This site is optimized with the Yoast SEO plugin v27.5 - https:\/\/yoast.com\/product\/yoast-seo-wordpress\/ -->\n<title>Meist\u00e4 &#8226; Spirit of Helsinki<\/title>\n<meta name=\"robots\" content=\"index, follow, max-snippet:-1, max-image-preview:large, max-video-preview:-1\" \/>\n<link rel=\"canonical\" href=\"https:\/\/www.spiritofhelsinki.fi\/fi\/meista\/\" \/>\n<meta property=\"og:locale\" content=\"fi_FI\" \/>\n<meta property=\"og:type\" content=\"article\" \/>\n<meta property=\"og:title\" content=\"Meist\u00e4 &#8226; Spirit of Helsinki\" \/>\n<meta property=\"og:url\" content=\"https:\/\/www.spiritofhelsinki.fi\/fi\/meista\/\" \/>\n<meta property=\"og:site_name\" content=\"Spirit of Helsinki\" \/>\n<meta property=\"article:publisher\" content=\"https:\/\/www.facebook.com\/spiritofhelsinki\" \/>\n<meta property=\"article:modified_time\" content=\"2023-02-03T13:37:59+00:00\" \/>\n<meta property=\"og:image\" content=\"https:\/\/www.spiritofhelsinki.fi\/wp-content\/uploads\/soh-logo-some.jpg\" \/>\n\t<meta property=\"og:image:width\" content=\"500\" \/>\n\t<meta property=\"og:image:height\" content=\"500\" \/>\n\t<meta property=\"og:image:type\" content=\"image\/jpeg\" \/>\n<meta name=\"twitter:card\" content=\"summary_large_image\" \/>\n<script type=\"application\/ld+json\" class=\"yoast-schema-graph\">{\"@context\":\"https:\\\/\\\/schema.org\",\"@graph\":[{\"@type\":\"WebPage\",\"@id\":\"https:\\\/\\\/www.spiritofhelsinki.fi\\\/fi\\\/meista\\\/\",\"url\":\"https:\\\/\\\/www.spiritofhelsinki.fi\\\/fi\\\/meista\\\/\",\"name\":\"Meist\u00e4 &#8226; Spirit of Helsinki\",\"isPartOf\":{\"@id\":\"https:\\\/\\\/www.spiritofhelsinki.fi\\\/fi\\\/#website\"},\"datePublished\":\"2022-09-28T08:05:24+00:00\",\"dateModified\":\"2023-02-03T13:37:59+00:00\",\"breadcrumb\":{\"@id\":\"https:\\\/\\\/www.spiritofhelsinki.fi\\\/fi\\\/meista\\\/#breadcrumb\"},\"inLanguage\":\"fi\",\"potentialAction\":[{\"@type\":\"ReadAction\",\"target\":[\"https:\\\/\\\/www.spiritofhelsinki.fi\\\/fi\\\/meista\\\/\"]}]},{\"@type\":\"BreadcrumbList\",\"@id\":\"https:\\\/\\\/www.spiritofhelsinki.fi\\\/fi\\\/meista\\\/#breadcrumb\",\"itemListElement\":[{\"@type\":\"ListItem\",\"position\":1,\"name\":\"Home\",\"item\":\"https:\\\/\\\/www.spiritofhelsinki.fi\\\/fi\\\/\"},{\"@type\":\"ListItem\",\"position\":2,\"name\":\"Meist\u00e4\"}]},{\"@type\":\"WebSite\",\"@id\":\"https:\\\/\\\/www.spiritofhelsinki.fi\\\/fi\\\/#website\",\"url\":\"https:\\\/\\\/www.spiritofhelsinki.fi\\\/fi\\\/\",\"name\":\"Spirit of Helsinki\",\"description\":\"Ocean Globe Race 2023\",\"publisher\":{\"@id\":\"https:\\\/\\\/www.spiritofhelsinki.fi\\\/fi\\\/#organization\"},\"potentialAction\":[{\"@type\":\"SearchAction\",\"target\":{\"@type\":\"EntryPoint\",\"urlTemplate\":\"https:\\\/\\\/www.spiritofhelsinki.fi\\\/fi\\\/?s={search_term_string}\"},\"query-input\":{\"@type\":\"PropertyValueSpecification\",\"valueRequired\":true,\"valueName\":\"search_term_string\"}}],\"inLanguage\":\"fi\"},{\"@type\":\"Organization\",\"@id\":\"https:\\\/\\\/www.spiritofhelsinki.fi\\\/fi\\\/#organization\",\"name\":\"Spirit of Helsinki\",\"url\":\"https:\\\/\\\/www.spiritofhelsinki.fi\\\/fi\\\/\",\"logo\":{\"@type\":\"ImageObject\",\"inLanguage\":\"fi\",\"@id\":\"https:\\\/\\\/www.spiritofhelsinki.fi\\\/fi\\\/#\\\/schema\\\/logo\\\/image\\\/\",\"url\":\"https:\\\/\\\/www.spiritofhelsinki.fi\\\/wp-content\\\/uploads\\\/soh2.jpg\",\"contentUrl\":\"https:\\\/\\\/www.spiritofhelsinki.fi\\\/wp-content\\\/uploads\\\/soh2.jpg\",\"width\":696,\"height\":696,\"caption\":\"Spirit of Helsinki\"},\"image\":{\"@id\":\"https:\\\/\\\/www.spiritofhelsinki.fi\\\/fi\\\/#\\\/schema\\\/logo\\\/image\\\/\"},\"sameAs\":[\"https:\\\/\\\/www.facebook.com\\\/spiritofhelsinki\",\"https:\\\/\\\/www.instagram.com\\\/spiritofhelsinki\\\/\"]}]}<\/script>\n<!-- \/ Yoast SEO plugin. -->","yoast_head_json":{"title":"Meist\u00e4 &#8226; Spirit of Helsinki","robots":{"index":"index","follow":"follow","max-snippet":"max-snippet:-1","max-image-preview":"max-image-preview:large","max-video-preview":"max-video-preview:-1"},"canonical":"https:\/\/www.spiritofhelsinki.fi\/fi\/meista\/","og_locale":"fi_FI","og_type":"article","og_title":"Meist\u00e4 &#8226; Spirit of Helsinki","og_url":"https:\/\/www.spiritofhelsinki.fi\/fi\/meista\/","og_site_name":"Spirit of Helsinki","article_publisher":"https:\/\/www.facebook.com\/spiritofhelsinki","article_modified_time":"2023-02-03T13:37:59+00:00","og_image":[{"width":500,"height":500,"url":"https:\/\/www.spiritofhelsinki.fi\/wp-content\/uploads\/soh-logo-some.jpg","type":"image\/jpeg"}],"twitter_card":"summary_large_image","schema":{"@context":"https:\/\/schema.org","@graph":[{"@type":"WebPage","@id":"https:\/\/www.spiritofhelsinki.fi\/fi\/meista\/","url":"https:\/\/www.spiritofhelsinki.fi\/fi\/meista\/","name":"Meist\u00e4 &#8226; Spirit of Helsinki","isPartOf":{"@id":"https:\/\/www.spiritofhelsinki.fi\/fi\/#website"},"datePublished":"2022-09-28T08:05:24+00:00","dateModified":"2023-02-03T13:37:59+00:00","breadcrumb":{"@id":"https:\/\/www.spiritofhelsinki.fi\/fi\/meista\/#breadcrumb"},"inLanguage":"fi","potentialAction":[{"@type":"ReadAction","target":["https:\/\/www.spiritofhelsinki.fi\/fi\/meista\/"]}]},{"@type":"BreadcrumbList","@id":"https:\/\/www.spiritofhelsinki.fi\/fi\/meista\/#breadcrumb","itemListElement":[{"@type":"ListItem","position":1,"name":"Home","item":"https:\/\/www.spiritofhelsinki.fi\/fi\/"},{"@type":"ListItem","position":2,"name":"Meist\u00e4"}]},{"@type":"WebSite","@id":"https:\/\/www.spiritofhelsinki.fi\/fi\/#website","url":"https:\/\/www.spiritofhelsinki.fi\/fi\/","name":"Spirit of Helsinki","description":"Ocean Globe Race 2023","publisher":{"@id":"https:\/\/www.spiritofhelsinki.fi\/fi\/#organization"},"potentialAction":[{"@type":"SearchAction","target":{"@type":"EntryPoint","urlTemplate":"https:\/\/www.spiritofhelsinki.fi\/fi\/?s={search_term_string}"},"query-input":{"@type":"PropertyValueSpecification","valueRequired":true,"valueName":"search_term_string"}}],"inLanguage":"fi"},{"@type":"Organization","@id":"https:\/\/www.spiritofhelsinki.fi\/fi\/#organization","name":"Spirit of Helsinki","url":"https:\/\/www.spiritofhelsinki.fi\/fi\/","logo":{"@type":"ImageObject","inLanguage":"fi","@id":"https:\/\/www.spiritofhelsinki.fi\/fi\/#\/schema\/logo\/image\/","url":"https:\/\/www.spiritofhelsinki.fi\/wp-content\/uploads\/soh2.jpg","contentUrl":"https:\/\/www.spiritofhelsinki.fi\/wp-content\/uploads\/soh2.jpg","width":696,"height":696,"caption":"Spirit of Helsinki"},"image":{"@id":"https:\/\/www.spiritofhelsinki.fi\/fi\/#\/schema\/logo\/image\/"},"sameAs":["https:\/\/www.facebook.com\/spiritofhelsinki","https:\/\/www.instagram.com\/spiritofhelsinki\/"]}]}},"_links":{"self":[{"href":"https:\/\/www.spiritofhelsinki.fi\/fi\/wp-json\/wp\/v2\/pages\/743","targetHints":{"allow":["GET"]}}],"collection":[{"href":"https:\/\/www.spiritofhelsinki.fi\/fi\/wp-json\/wp\/v2\/pages"}],"about":[{"href":"https:\/\/www.spiritofhelsinki.fi\/fi\/wp-json\/wp\/v2\/types\/page"}],"author":[{"embeddable":true,"href":"https:\/\/www.spiritofhelsinki.fi\/fi\/wp-json\/wp\/v2\/users\/2"}],"replies":[{"embeddable":true,"href":"https:\/\/www.spiritofhelsinki.fi\/fi\/wp-json\/wp\/v2\/comments?post=743"}],"version-history":[{"count":0,"href":"https:\/\/www.spiritofhelsinki.fi\/fi\/wp-json\/wp\/v2\/pages\/743\/revisions"}],"wp:attachment":[{"href":"https:\/\/www.spiritofhelsinki.fi\/fi\/wp-json\/wp\/v2\/media?parent=743"}],"curies":[{"name":"wp","href":"https:\/\/api.w.org\/{rel}","templated":true}]}}