
{"id":742,"date":"2023-02-01T14:10:27","date_gmt":"2023-02-01T12:10:27","guid":{"rendered":"https:\/\/www.spiritofhelsinki.fi\/?page_id=742"},"modified":"2023-02-03T15:32:04","modified_gmt":"2023-02-03T13:32:04","slug":"spirit-of-helsinki","status":"publish","type":"page","link":"https:\/\/www.spiritofhelsinki.fi\/fi\/spirit-of-helsinki\/","title":{"rendered":"Spirit of Helsinki"},"content":{"rendered":"\n<div class=\"module-hero\">\n   <div class=\"full-container\">\n\n      <div class=\"bg-black absolute inset-0 w-full h-full\">\n                  <img decoding=\"async\" class=\"h-full w-full object-cover\" src=\"https:\/\/www.spiritofhelsinki.fi\/wp-content\/uploads\/IMG_5657-1600x1200.jpeg\" alt=\"\">\n         <div class=\"bg-black opacity-40 absolute inset-0\"><\/div>\n               <\/div>\n\n      <div class=\"relative h-full\">\n         <div class=\"site-container flex items-center\">\n            <article class=\"text-center mx-auto max-w-3xl lead light py-12 md:py-24\">\n               <h2 class=\"pt-48\">Veneemme<\/h2>\n               <div class=\"max-w-lg pb-48 mx-auto\">\n                                 <\/div>\n            <\/article>\n         <\/div>\n      <\/div>\n\n   <\/div>\n<\/div>\n\n\n\n<div class=\"module-text\">\n   <div class=\"full-container bg-white\">\n      <div class=\"py-12 md:py-24 site-container\">\n\n\t\t          <article class=\"mb-8 max-w-4xl mx-auto text-center\">\n            <h2>Spirit of Helsinki<\/h2>\n         <\/article>\n\t\t \n         <article class=\"max-w-prose text-center mx-auto\">\n            <p>Spirit of Helsinki &#8211; Swan 651 on rakennettu rakennettiin vuonna 1984. Sen suunnitteli laivaston arkkitehti German Frers ja rakensi Pietarsaaressa toimiva legendaarinen suomalainen luksuspurjevenevalmistaja Nautor. H\u00e4n kilpaili Whitbread Round the World Racessa vuonna 1986 nimell\u00e4 \u201dFazer Finland\u201d ja sijoittui kolmanneksi maailman vaativimmassa ja pisimm\u00e4ss\u00e4 purjehduskilpailussa. SWAN 651 on ep\u00e4ilem\u00e4tt\u00e4 yksi parhaista ja ainutlaatuisimmista koskaan tehdyist\u00e4 malleista. Se rakennettiin erityisesti osallistumista varten Whitbread Round the World Race -kilpailuun.<\/p>\n\n                     <\/article>\n\n      <\/div>\n   <\/div>\n<\/div>\n\n\n\n\n<div class=\"module-text\">\n   <div class=\"full-container bg-light\">\n      <div class=\"py-12 md:py-24 site-container\">\n\n\t\t \n         <article class=\"max-w-prose text-center mx-auto\">\n            <p>Jussi Paavosepp\u00e4 oli vuodesta 2019 etsinyt venett\u00e4 osallistuakseen kilpailuun veneell\u00e4, jolla on hyv\u00e4n merikelpoisuuden lis\u00e4ksi erityinen paikka suomalaisen purjekilpailun historiassa. Vuonna 2022 t\u00e4m\u00e4 unelma toteutui ja Spirit of Helsinki -vene palautettiin kotimaahansa Suomeen. On ilo tuoda yksi suomalaisista valtameripurjehduslegendoista j\u00e4lleen maailman ymp\u00e4ri upealla suomalaisella miehist\u00f6ll\u00e4.<\/p>\n\n                     <\/article>\n\n      <\/div>\n   <\/div>\n<\/div>\n\n","protected":false},"excerpt":{"rendered":"","protected":false},"author":2,"featured_media":0,"parent":0,"menu_order":0,"comment_status":"closed","ping_status":"closed","template":"","meta":{"_acf_changed":false,"_monsterinsights_skip_tracking":false,"_monsterinsights_sitenote_active":false,"_monsterinsights_sitenote_note":"","_monsterinsights_sitenote_category":0,"footnotes":""},"class_list":["post-742","page","type-page","status-publish","hentry"],"acf":[],"yoast_head":"<!-- This site is optimized with the Yoast SEO plugin v27.5 - https:\/\/yoast.com\/product\/yoast-seo-wordpress\/ -->\n<title>Spirit of Helsinki &#8226; Spirit of Helsinki<\/title>\n<meta name=\"robots\" content=\"index, follow, max-snippet:-1, max-image-preview:large, max-video-preview:-1\" \/>\n<link rel=\"canonical\" href=\"https:\/\/www.spiritofhelsinki.fi\/fi\/spirit-of-helsinki\/\" \/>\n<meta property=\"og:locale\" content=\"fi_FI\" \/>\n<meta property=\"og:type\" content=\"article\" \/>\n<meta property=\"og:title\" content=\"Spirit of Helsinki &#8226; Spirit of Helsinki\" \/>\n<meta property=\"og:url\" content=\"https:\/\/www.spiritofhelsinki.fi\/fi\/spirit-of-helsinki\/\" \/>\n<meta property=\"og:site_name\" content=\"Spirit of Helsinki\" \/>\n<meta property=\"article:publisher\" content=\"https:\/\/www.facebook.com\/spiritofhelsinki\" \/>\n<meta property=\"article:modified_time\" content=\"2023-02-03T13:32:04+00:00\" \/>\n<meta property=\"og:image\" content=\"https:\/\/www.spiritofhelsinki.fi\/wp-content\/uploads\/soh-logo-some.jpg\" \/>\n\t<meta property=\"og:image:width\" content=\"500\" \/>\n\t<meta property=\"og:image:height\" content=\"500\" \/>\n\t<meta property=\"og:image:type\" content=\"image\/jpeg\" \/>\n<meta name=\"twitter:card\" content=\"summary_large_image\" \/>\n<script type=\"application\/ld+json\" class=\"yoast-schema-graph\">{\"@context\":\"https:\\\/\\\/schema.org\",\"@graph\":[{\"@type\":\"WebPage\",\"@id\":\"https:\\\/\\\/www.spiritofhelsinki.fi\\\/fi\\\/spirit-of-helsinki\\\/\",\"url\":\"https:\\\/\\\/www.spiritofhelsinki.fi\\\/fi\\\/spirit-of-helsinki\\\/\",\"name\":\"Spirit of Helsinki &#8226; Spirit of Helsinki\",\"isPartOf\":{\"@id\":\"https:\\\/\\\/www.spiritofhelsinki.fi\\\/fi\\\/#website\"},\"datePublished\":\"2023-02-01T12:10:27+00:00\",\"dateModified\":\"2023-02-03T13:32:04+00:00\",\"breadcrumb\":{\"@id\":\"https:\\\/\\\/www.spiritofhelsinki.fi\\\/fi\\\/spirit-of-helsinki\\\/#breadcrumb\"},\"inLanguage\":\"fi\",\"potentialAction\":[{\"@type\":\"ReadAction\",\"target\":[\"https:\\\/\\\/www.spiritofhelsinki.fi\\\/fi\\\/spirit-of-helsinki\\\/\"]}]},{\"@type\":\"BreadcrumbList\",\"@id\":\"https:\\\/\\\/www.spiritofhelsinki.fi\\\/fi\\\/spirit-of-helsinki\\\/#breadcrumb\",\"itemListElement\":[{\"@type\":\"ListItem\",\"position\":1,\"name\":\"Home\",\"item\":\"https:\\\/\\\/www.spiritofhelsinki.fi\\\/fi\\\/\"},{\"@type\":\"ListItem\",\"position\":2,\"name\":\"Spirit of Helsinki\"}]},{\"@type\":\"WebSite\",\"@id\":\"https:\\\/\\\/www.spiritofhelsinki.fi\\\/fi\\\/#website\",\"url\":\"https:\\\/\\\/www.spiritofhelsinki.fi\\\/fi\\\/\",\"name\":\"Spirit of Helsinki\",\"description\":\"Ocean Globe Race 2023\",\"publisher\":{\"@id\":\"https:\\\/\\\/www.spiritofhelsinki.fi\\\/fi\\\/#organization\"},\"potentialAction\":[{\"@type\":\"SearchAction\",\"target\":{\"@type\":\"EntryPoint\",\"urlTemplate\":\"https:\\\/\\\/www.spiritofhelsinki.fi\\\/fi\\\/?s={search_term_string}\"},\"query-input\":{\"@type\":\"PropertyValueSpecification\",\"valueRequired\":true,\"valueName\":\"search_term_string\"}}],\"inLanguage\":\"fi\"},{\"@type\":\"Organization\",\"@id\":\"https:\\\/\\\/www.spiritofhelsinki.fi\\\/fi\\\/#organization\",\"name\":\"Spirit of Helsinki\",\"url\":\"https:\\\/\\\/www.spiritofhelsinki.fi\\\/fi\\\/\",\"logo\":{\"@type\":\"ImageObject\",\"inLanguage\":\"fi\",\"@id\":\"https:\\\/\\\/www.spiritofhelsinki.fi\\\/fi\\\/#\\\/schema\\\/logo\\\/image\\\/\",\"url\":\"https:\\\/\\\/www.spiritofhelsinki.fi\\\/wp-content\\\/uploads\\\/soh2.jpg\",\"contentUrl\":\"https:\\\/\\\/www.spiritofhelsinki.fi\\\/wp-content\\\/uploads\\\/soh2.jpg\",\"width\":696,\"height\":696,\"caption\":\"Spirit of Helsinki\"},\"image\":{\"@id\":\"https:\\\/\\\/www.spiritofhelsinki.fi\\\/fi\\\/#\\\/schema\\\/logo\\\/image\\\/\"},\"sameAs\":[\"https:\\\/\\\/www.facebook.com\\\/spiritofhelsinki\",\"https:\\\/\\\/www.instagram.com\\\/spiritofhelsinki\\\/\"]}]}<\/script>\n<!-- \/ Yoast SEO plugin. -->","yoast_head_json":{"title":"Spirit of Helsinki &#8226; Spirit of Helsinki","robots":{"index":"index","follow":"follow","max-snippet":"max-snippet:-1","max-image-preview":"max-image-preview:large","max-video-preview":"max-video-preview:-1"},"canonical":"https:\/\/www.spiritofhelsinki.fi\/fi\/spirit-of-helsinki\/","og_locale":"fi_FI","og_type":"article","og_title":"Spirit of Helsinki &#8226; Spirit of Helsinki","og_url":"https:\/\/www.spiritofhelsinki.fi\/fi\/spirit-of-helsinki\/","og_site_name":"Spirit of Helsinki","article_publisher":"https:\/\/www.facebook.com\/spiritofhelsinki","article_modified_time":"2023-02-03T13:32:04+00:00","og_image":[{"width":500,"height":500,"url":"https:\/\/www.spiritofhelsinki.fi\/wp-content\/uploads\/soh-logo-some.jpg","type":"image\/jpeg"}],"twitter_card":"summary_large_image","schema":{"@context":"https:\/\/schema.org","@graph":[{"@type":"WebPage","@id":"https:\/\/www.spiritofhelsinki.fi\/fi\/spirit-of-helsinki\/","url":"https:\/\/www.spiritofhelsinki.fi\/fi\/spirit-of-helsinki\/","name":"Spirit of Helsinki &#8226; Spirit of Helsinki","isPartOf":{"@id":"https:\/\/www.spiritofhelsinki.fi\/fi\/#website"},"datePublished":"2023-02-01T12:10:27+00:00","dateModified":"2023-02-03T13:32:04+00:00","breadcrumb":{"@id":"https:\/\/www.spiritofhelsinki.fi\/fi\/spirit-of-helsinki\/#breadcrumb"},"inLanguage":"fi","potentialAction":[{"@type":"ReadAction","target":["https:\/\/www.spiritofhelsinki.fi\/fi\/spirit-of-helsinki\/"]}]},{"@type":"BreadcrumbList","@id":"https:\/\/www.spiritofhelsinki.fi\/fi\/spirit-of-helsinki\/#breadcrumb","itemListElement":[{"@type":"ListItem","position":1,"name":"Home","item":"https:\/\/www.spiritofhelsinki.fi\/fi\/"},{"@type":"ListItem","position":2,"name":"Spirit of Helsinki"}]},{"@type":"WebSite","@id":"https:\/\/www.spiritofhelsinki.fi\/fi\/#website","url":"https:\/\/www.spiritofhelsinki.fi\/fi\/","name":"Spirit of Helsinki","description":"Ocean Globe Race 2023","publisher":{"@id":"https:\/\/www.spiritofhelsinki.fi\/fi\/#organization"},"potentialAction":[{"@type":"SearchAction","target":{"@type":"EntryPoint","urlTemplate":"https:\/\/www.spiritofhelsinki.fi\/fi\/?s={search_term_string}"},"query-input":{"@type":"PropertyValueSpecification","valueRequired":true,"valueName":"search_term_string"}}],"inLanguage":"fi"},{"@type":"Organization","@id":"https:\/\/www.spiritofhelsinki.fi\/fi\/#organization","name":"Spirit of Helsinki","url":"https:\/\/www.spiritofhelsinki.fi\/fi\/","logo":{"@type":"ImageObject","inLanguage":"fi","@id":"https:\/\/www.spiritofhelsinki.fi\/fi\/#\/schema\/logo\/image\/","url":"https:\/\/www.spiritofhelsinki.fi\/wp-content\/uploads\/soh2.jpg","contentUrl":"https:\/\/www.spiritofhelsinki.fi\/wp-content\/uploads\/soh2.jpg","width":696,"height":696,"caption":"Spirit of Helsinki"},"image":{"@id":"https:\/\/www.spiritofhelsinki.fi\/fi\/#\/schema\/logo\/image\/"},"sameAs":["https:\/\/www.facebook.com\/spiritofhelsinki","https:\/\/www.instagram.com\/spiritofhelsinki\/"]}]}},"_links":{"self":[{"href":"https:\/\/www.spiritofhelsinki.fi\/fi\/wp-json\/wp\/v2\/pages\/742","targetHints":{"allow":["GET"]}}],"collection":[{"href":"https:\/\/www.spiritofhelsinki.fi\/fi\/wp-json\/wp\/v2\/pages"}],"about":[{"href":"https:\/\/www.spiritofhelsinki.fi\/fi\/wp-json\/wp\/v2\/types\/page"}],"author":[{"embeddable":true,"href":"https:\/\/www.spiritofhelsinki.fi\/fi\/wp-json\/wp\/v2\/users\/2"}],"replies":[{"embeddable":true,"href":"https:\/\/www.spiritofhelsinki.fi\/fi\/wp-json\/wp\/v2\/comments?post=742"}],"version-history":[{"count":0,"href":"https:\/\/www.spiritofhelsinki.fi\/fi\/wp-json\/wp\/v2\/pages\/742\/revisions"}],"wp:attachment":[{"href":"https:\/\/www.spiritofhelsinki.fi\/fi\/wp-json\/wp\/v2\/media?parent=742"}],"curies":[{"name":"wp","href":"https:\/\/api.w.org\/{rel}","templated":true}]}}