
{"id":741,"date":"2023-01-24T09:48:32","date_gmt":"2023-01-24T07:48:32","guid":{"rendered":"https:\/\/www.spiritofhelsinki.fi\/?page_id=741"},"modified":"2025-02-06T17:16:21","modified_gmt":"2025-02-06T15:16:21","slug":"yhteystiedot","status":"publish","type":"page","link":"https:\/\/www.spiritofhelsinki.fi\/fi\/yhteystiedot\/","title":{"rendered":"Yhteystiedot"},"content":{"rendered":"\n<div class=\"module-hero\">\n   <div class=\"full-container\">\n\n      <div class=\"bg-black absolute inset-0 w-full h-full\">\n                  <img decoding=\"async\" class=\"h-full w-full object-cover\" src=\"https:\/\/www.spiritofhelsinki.fi\/wp-content\/uploads\/WAO-0980-1-1600x2400.jpg\" alt=\"\">\n         <div class=\"bg-black opacity-40 absolute inset-0\"><\/div>\n               <\/div>\n\n      <div class=\"relative h-full\">\n         <div class=\"site-container flex items-center\">\n            <article class=\"text-center mx-auto max-w-3xl lead light py-12 md:py-24\">\n               <h2 class=\"pt-48\">Ota meihin yhteytt\u00e4<\/h2>\n               <div class=\"max-w-lg pb-48 mx-auto\">\n                  <p>info@spiritofhelsinki.fi<\/p>\n               <\/div>\n            <\/article>\n         <\/div>\n      <\/div>\n\n   <\/div>\n<\/div>\n\n\n\n<div class=\"module-contact\">\n   <div class=\"full-container bg-light\">\n      <div class=\"py-12 md:py-16 site-container\">\n\n         <article class=\"text-center\">\n            <h3>Tilaa uutiskirjeemme<\/h3>\n         <\/article>\n\n         <div class=\"max-w-xl pb-3 mx-auto relative\">\n                        <script>(function() {\n\twindow.mc4wp = window.mc4wp || {\n\t\tlisteners: [],\n\t\tforms: {\n\t\t\ton: function(evt, cb) {\n\t\t\t\twindow.mc4wp.listeners.push(\n\t\t\t\t\t{\n\t\t\t\t\t\tevent   : evt,\n\t\t\t\t\t\tcallback: cb\n\t\t\t\t\t}\n\t\t\t\t);\n\t\t\t}\n\t\t}\n\t}\n})();\n<\/script><!-- Mailchimp for WordPress v4.12.5 - https:\/\/wordpress.org\/plugins\/mailchimp-for-wp\/ --><form id=\"mc4wp-form-1\" class=\"mc4wp-form mc4wp-form-580\" method=\"post\" data-id=\"580\" data-name=\"\" ><div class=\"mc4wp-form-fields\"><div class=\"email-btn\">\r\n\t<input type=\"email\" name=\"EMAIL\" placeholder=\"Email\" required \/>\r\n  \t<div class=\"submit\">\r\n\t  \t<input type=\"submit\" value=\"\u2192\" \/>\r\n  \t<\/div>\r\n<\/div>\r\n\r\n<p class=\"form-caption\">\r\n  Tilaamalla uutiskirjeen hyv\u00e4ksyt rekisteriselosteemme. Voit poistua uutiskirjelistalta koska vain s\u00e4hk\u00f6postista l\u00f6ytyv\u00e4st\u00e4 linkist\u00e4.\r\n<\/p><\/div><label style=\"display: none !important;\">Leave this field empty if you&#8217;re human: <input type=\"text\" name=\"_mc4wp_honeypot\" value=\"\" tabindex=\"-1\" autocomplete=\"off\" \/><\/label><input type=\"hidden\" name=\"_mc4wp_timestamp\" value=\"1778702768\" \/><input type=\"hidden\" name=\"_mc4wp_form_id\" value=\"580\" \/><input type=\"hidden\" name=\"_mc4wp_form_element_id\" value=\"mc4wp-form-1\" \/><div class=\"mc4wp-response\"><\/div><\/form><!-- \/ Mailchimp for WordPress Plugin -->         <\/div>\n\n      <\/div>\n   <\/div>\n<\/div>\n\n","protected":false},"excerpt":{"rendered":"","protected":false},"author":2,"featured_media":0,"parent":0,"menu_order":0,"comment_status":"closed","ping_status":"closed","template":"","meta":{"_acf_changed":true,"_monsterinsights_skip_tracking":false,"_monsterinsights_sitenote_active":false,"_monsterinsights_sitenote_note":"","_monsterinsights_sitenote_category":0,"footnotes":""},"class_list":["post-741","page","type-page","status-publish","hentry"],"acf":[],"yoast_head":"<!-- This site is optimized with the Yoast SEO plugin v27.6 - https:\/\/yoast.com\/product\/yoast-seo-wordpress\/ -->\n<title>Yhteystiedot &#8226; Spirit of Helsinki<\/title>\n<meta name=\"robots\" content=\"index, follow, max-snippet:-1, max-image-preview:large, max-video-preview:-1\" \/>\n<link rel=\"canonical\" href=\"https:\/\/www.spiritofhelsinki.fi\/fi\/yhteystiedot\/\" \/>\n<meta property=\"og:locale\" content=\"fi_FI\" \/>\n<meta property=\"og:type\" content=\"article\" \/>\n<meta property=\"og:title\" content=\"Yhteystiedot &#8226; Spirit of Helsinki\" \/>\n<meta property=\"og:url\" content=\"https:\/\/www.spiritofhelsinki.fi\/fi\/yhteystiedot\/\" \/>\n<meta property=\"og:site_name\" content=\"Spirit of Helsinki\" \/>\n<meta property=\"article:publisher\" content=\"https:\/\/www.facebook.com\/spiritofhelsinki\" \/>\n<meta property=\"article:modified_time\" content=\"2025-02-06T15:16:21+00:00\" \/>\n<meta property=\"og:image\" content=\"https:\/\/www.spiritofhelsinki.fi\/wp-content\/uploads\/soh-logo-some.jpg\" \/>\n\t<meta property=\"og:image:width\" content=\"500\" \/>\n\t<meta property=\"og:image:height\" content=\"500\" \/>\n\t<meta property=\"og:image:type\" content=\"image\/jpeg\" \/>\n<meta name=\"twitter:card\" content=\"summary_large_image\" \/>\n<meta name=\"twitter:label1\" content=\"Arvioitu lukuaika\" \/>\n\t<meta name=\"twitter:data1\" content=\"1 minuutti\" \/>\n<script type=\"application\/ld+json\" class=\"yoast-schema-graph\">{\"@context\":\"https:\\\/\\\/schema.org\",\"@graph\":[{\"@type\":\"WebPage\",\"@id\":\"https:\\\/\\\/www.spiritofhelsinki.fi\\\/fi\\\/yhteystiedot\\\/\",\"url\":\"https:\\\/\\\/www.spiritofhelsinki.fi\\\/fi\\\/yhteystiedot\\\/\",\"name\":\"Yhteystiedot &#8226; Spirit of Helsinki\",\"isPartOf\":{\"@id\":\"https:\\\/\\\/www.spiritofhelsinki.fi\\\/fi\\\/#website\"},\"datePublished\":\"2023-01-24T07:48:32+00:00\",\"dateModified\":\"2025-02-06T15:16:21+00:00\",\"breadcrumb\":{\"@id\":\"https:\\\/\\\/www.spiritofhelsinki.fi\\\/fi\\\/yhteystiedot\\\/#breadcrumb\"},\"inLanguage\":\"fi\",\"potentialAction\":[{\"@type\":\"ReadAction\",\"target\":[\"https:\\\/\\\/www.spiritofhelsinki.fi\\\/fi\\\/yhteystiedot\\\/\"]}]},{\"@type\":\"BreadcrumbList\",\"@id\":\"https:\\\/\\\/www.spiritofhelsinki.fi\\\/fi\\\/yhteystiedot\\\/#breadcrumb\",\"itemListElement\":[{\"@type\":\"ListItem\",\"position\":1,\"name\":\"Home\",\"item\":\"https:\\\/\\\/www.spiritofhelsinki.fi\\\/fi\\\/\"},{\"@type\":\"ListItem\",\"position\":2,\"name\":\"Yhteystiedot\"}]},{\"@type\":\"WebSite\",\"@id\":\"https:\\\/\\\/www.spiritofhelsinki.fi\\\/fi\\\/#website\",\"url\":\"https:\\\/\\\/www.spiritofhelsinki.fi\\\/fi\\\/\",\"name\":\"Spirit of Helsinki\",\"description\":\"Ocean Globe Race 2023\",\"publisher\":{\"@id\":\"https:\\\/\\\/www.spiritofhelsinki.fi\\\/fi\\\/#organization\"},\"potentialAction\":[{\"@type\":\"SearchAction\",\"target\":{\"@type\":\"EntryPoint\",\"urlTemplate\":\"https:\\\/\\\/www.spiritofhelsinki.fi\\\/fi\\\/?s={search_term_string}\"},\"query-input\":{\"@type\":\"PropertyValueSpecification\",\"valueRequired\":true,\"valueName\":\"search_term_string\"}}],\"inLanguage\":\"fi\"},{\"@type\":\"Organization\",\"@id\":\"https:\\\/\\\/www.spiritofhelsinki.fi\\\/fi\\\/#organization\",\"name\":\"Spirit of Helsinki\",\"url\":\"https:\\\/\\\/www.spiritofhelsinki.fi\\\/fi\\\/\",\"logo\":{\"@type\":\"ImageObject\",\"inLanguage\":\"fi\",\"@id\":\"https:\\\/\\\/www.spiritofhelsinki.fi\\\/fi\\\/#\\\/schema\\\/logo\\\/image\\\/\",\"url\":\"https:\\\/\\\/www.spiritofhelsinki.fi\\\/wp-content\\\/uploads\\\/soh2.jpg\",\"contentUrl\":\"https:\\\/\\\/www.spiritofhelsinki.fi\\\/wp-content\\\/uploads\\\/soh2.jpg\",\"width\":696,\"height\":696,\"caption\":\"Spirit of Helsinki\"},\"image\":{\"@id\":\"https:\\\/\\\/www.spiritofhelsinki.fi\\\/fi\\\/#\\\/schema\\\/logo\\\/image\\\/\"},\"sameAs\":[\"https:\\\/\\\/www.facebook.com\\\/spiritofhelsinki\",\"https:\\\/\\\/www.instagram.com\\\/spiritofhelsinki\\\/\"]}]}<\/script>\n<!-- \/ Yoast SEO plugin. -->","yoast_head_json":{"title":"Yhteystiedot &#8226; Spirit of Helsinki","robots":{"index":"index","follow":"follow","max-snippet":"max-snippet:-1","max-image-preview":"max-image-preview:large","max-video-preview":"max-video-preview:-1"},"canonical":"https:\/\/www.spiritofhelsinki.fi\/fi\/yhteystiedot\/","og_locale":"fi_FI","og_type":"article","og_title":"Yhteystiedot &#8226; Spirit of Helsinki","og_url":"https:\/\/www.spiritofhelsinki.fi\/fi\/yhteystiedot\/","og_site_name":"Spirit of Helsinki","article_publisher":"https:\/\/www.facebook.com\/spiritofhelsinki","article_modified_time":"2025-02-06T15:16:21+00:00","og_image":[{"width":500,"height":500,"url":"https:\/\/www.spiritofhelsinki.fi\/wp-content\/uploads\/soh-logo-some.jpg","type":"image\/jpeg"}],"twitter_card":"summary_large_image","twitter_misc":{"Arvioitu lukuaika":"1 minuutti"},"schema":{"@context":"https:\/\/schema.org","@graph":[{"@type":"WebPage","@id":"https:\/\/www.spiritofhelsinki.fi\/fi\/yhteystiedot\/","url":"https:\/\/www.spiritofhelsinki.fi\/fi\/yhteystiedot\/","name":"Yhteystiedot &#8226; Spirit of Helsinki","isPartOf":{"@id":"https:\/\/www.spiritofhelsinki.fi\/fi\/#website"},"datePublished":"2023-01-24T07:48:32+00:00","dateModified":"2025-02-06T15:16:21+00:00","breadcrumb":{"@id":"https:\/\/www.spiritofhelsinki.fi\/fi\/yhteystiedot\/#breadcrumb"},"inLanguage":"fi","potentialAction":[{"@type":"ReadAction","target":["https:\/\/www.spiritofhelsinki.fi\/fi\/yhteystiedot\/"]}]},{"@type":"BreadcrumbList","@id":"https:\/\/www.spiritofhelsinki.fi\/fi\/yhteystiedot\/#breadcrumb","itemListElement":[{"@type":"ListItem","position":1,"name":"Home","item":"https:\/\/www.spiritofhelsinki.fi\/fi\/"},{"@type":"ListItem","position":2,"name":"Yhteystiedot"}]},{"@type":"WebSite","@id":"https:\/\/www.spiritofhelsinki.fi\/fi\/#website","url":"https:\/\/www.spiritofhelsinki.fi\/fi\/","name":"Spirit of Helsinki","description":"Ocean Globe Race 2023","publisher":{"@id":"https:\/\/www.spiritofhelsinki.fi\/fi\/#organization"},"potentialAction":[{"@type":"SearchAction","target":{"@type":"EntryPoint","urlTemplate":"https:\/\/www.spiritofhelsinki.fi\/fi\/?s={search_term_string}"},"query-input":{"@type":"PropertyValueSpecification","valueRequired":true,"valueName":"search_term_string"}}],"inLanguage":"fi"},{"@type":"Organization","@id":"https:\/\/www.spiritofhelsinki.fi\/fi\/#organization","name":"Spirit of Helsinki","url":"https:\/\/www.spiritofhelsinki.fi\/fi\/","logo":{"@type":"ImageObject","inLanguage":"fi","@id":"https:\/\/www.spiritofhelsinki.fi\/fi\/#\/schema\/logo\/image\/","url":"https:\/\/www.spiritofhelsinki.fi\/wp-content\/uploads\/soh2.jpg","contentUrl":"https:\/\/www.spiritofhelsinki.fi\/wp-content\/uploads\/soh2.jpg","width":696,"height":696,"caption":"Spirit of Helsinki"},"image":{"@id":"https:\/\/www.spiritofhelsinki.fi\/fi\/#\/schema\/logo\/image\/"},"sameAs":["https:\/\/www.facebook.com\/spiritofhelsinki","https:\/\/www.instagram.com\/spiritofhelsinki\/"]}]}},"_links":{"self":[{"href":"https:\/\/www.spiritofhelsinki.fi\/fi\/wp-json\/wp\/v2\/pages\/741","targetHints":{"allow":["GET"]}}],"collection":[{"href":"https:\/\/www.spiritofhelsinki.fi\/fi\/wp-json\/wp\/v2\/pages"}],"about":[{"href":"https:\/\/www.spiritofhelsinki.fi\/fi\/wp-json\/wp\/v2\/types\/page"}],"author":[{"embeddable":true,"href":"https:\/\/www.spiritofhelsinki.fi\/fi\/wp-json\/wp\/v2\/users\/2"}],"replies":[{"embeddable":true,"href":"https:\/\/www.spiritofhelsinki.fi\/fi\/wp-json\/wp\/v2\/comments?post=741"}],"version-history":[{"count":0,"href":"https:\/\/www.spiritofhelsinki.fi\/fi\/wp-json\/wp\/v2\/pages\/741\/revisions"}],"wp:attachment":[{"href":"https:\/\/www.spiritofhelsinki.fi\/fi\/wp-json\/wp\/v2\/media?parent=741"}],"curies":[{"name":"wp","href":"https:\/\/api.w.org\/{rel}","templated":true}]}}