
{"id":697,"date":"2021-08-09T09:15:12","date_gmt":"2021-08-09T07:15:12","guid":{"rendered":"https:\/\/www.spiritofhelsinki.fi\/?page_id=697"},"modified":"2023-02-03T15:37:58","modified_gmt":"2023-02-03T13:37:58","slug":"tietosuojaseloste","status":"publish","type":"page","link":"https:\/\/www.spiritofhelsinki.fi\/fi\/tietosuojaseloste\/","title":{"rendered":"Tietosuojaseloste"},"content":{"rendered":"\n<h2 class=\"wp-block-heading\">Tietosuojaseloste<\/h2>\n\n\n\n<p><\/p>\n\n\n\n<p>1. Yleist\u00e4<\/p>\n\n\n\n<p>T\u00e4m\u00e4 on Swan 651 Charter Oy:n (j\u00e4ljemp\u00e4n\u00e4 \u201dme\u201d tai \u201dSpirit of Helsinki\u201d) EU:n yleisen tietosuoja-asetuksen ja Suomen kansallisen lains\u00e4\u00e4d\u00e4nn\u00f6n mukainen tietosuojaseloste, jossa kerromme miten ker\u00e4\u00e4mme, k\u00e4sittelemme ja suojaamme henkil\u00f6tietojasi.<\/p>\n\n\n\n<h3 class=\"wp-block-heading\">2. Rekisterinpit\u00e4j\u00e4 ja yhteystiedot<\/h3>\n\n\n\n<p>Swan 651 Charter Oy (y-tunnus: 3285610-2)<\/p>\n\n\n\n<p>Osoite: PL 151, 00141 Helsinki&nbsp;<\/p>\n\n\n\n<p>s-posti: info@spiritofhelsinki.fi<\/p>\n\n\n\n<h3 class=\"wp-block-heading\">3. Henkil\u00f6tietojen k\u00e4ytt\u00f6 ja k\u00e4sittely<\/h3>\n\n\n\n<p>Millaisia henkil\u00f6tietoja ker\u00e4\u00e4mme sinusta<\/p>\n\n\n\n<p>K\u00e4sittelemme p\u00e4\u00e4asiassa tietoja, jotka olemme saaneet suoraan sinulta ty\u00f6ntekij\u00e4n\u00e4, ty\u00f6nhakijana, asiakkaana tai yhteisty\u00f6kumppanina. N\u00e4it\u00e4 tietoja ovat esimerkiksi:<\/p>\n\n\n\n<ul class=\"wp-block-list\">\n<li>nimi,<\/li>\n\n\n\n<li>yhteystiedot (osoite, s-posti, puhelinnumero),<\/li>\n\n\n\n<li>lupa s\u00e4hk\u00f6iseen suoramarkkinointiin,<\/li>\n\n\n\n<li>meille antamasi palaute palveluistamme,<\/li>\n\n\n\n<li>meill\u00e4 l\u00e4hett\u00e4m\u00e4si ty\u00f6hakemuksen ja ansioluettelon tiedot ja<\/li>\n\n\n\n<li>muut meille antamasi henkil\u00f6tiedot.<\/li>\n<\/ul>\n\n\n\n<p>Mik\u00e4 on henkil\u00f6tietojesi k\u00e4sittelyn oikeusperuste<\/p>\n\n\n\n<p>K\u00e4sittelemme henkil\u00f6tietoja rekisterinpit\u00e4j\u00e4n oikeutetun edun perusteella (kuten asiakassuhde tai rekrytointi) tai suostumukseen perustuen (kuten s\u00e4hk\u00f6inen suoramarkkinointi).<\/p>\n\n\n\n<p>Mihin tarkoituksiin k\u00e4yt\u00e4mme henkil\u00f6tietojasi<\/p>\n\n\n\n<p>K\u00e4yt\u00e4mme henkil\u00f6tietoja asiakassuhteiden ja muiden sidosryhm\u00e4suhteiden yll\u00e4pitoon ja markkinointiin sek\u00e4 rekrytointiprosessien toteuttamiseen.<\/p>\n\n\n\n<p>Mist\u00e4 saamme henkil\u00f6tietojasi<\/p>\n\n\n\n<p>Saamme henkil\u00f6tietojasi mm. www-lomakkeilla l\u00e4hetetyist\u00e4 viesteist\u00e4, s\u00e4hk\u00f6postitse, puhelimitse, asiakastapaamisista ja muista tilanteista, joissa luovutat meille tietojasi.<\/p>\n\n\n\n<p>Kuka saa k\u00e4sitell\u00e4 henkil\u00f6tietojasi<\/p>\n\n\n\n<p>Noudatamme henkil\u00f6tietojesi k\u00e4sitellyss\u00e4 huolellisuutta ja suojaamme tietoj\u00e4rjestelmien avulla k\u00e4sitelt\u00e4v\u00e4t tiedot asianmukaisesti. Huolehdimme siit\u00e4, ett\u00e4 tietojasi ja palvelimien k\u00e4ytt\u00f6oikeuksia sek\u00e4 muita henkil\u00f6tietojen turvallisuuden kannalta kriittisi\u00e4 tietoja k\u00e4sitell\u00e4\u00e4n luottamuksellisesti ja vain niiden ty\u00f6ntekij\u00f6idemme tai palveluntarjoajiemme ty\u00f6ntekij\u00f6iden toimesta, joiden ty\u00f6nkuvaan se kuuluu.<\/p>\n\n\n\n<p>Kuinka kauan s\u00e4ilyt\u00e4mme henkil\u00f6tietojasi<\/p>\n\n\n\n<p>S\u00e4ilyt\u00e4mme tietojasi vain niin kauan kuin on tarpeen t\u00e4ss\u00e4 selosteessa m\u00e4\u00e4riteltyjen tarkoitusten toteuttamiseksi voimassa olevan lain asettamissa rajoissa. T\u00e4m\u00e4n j\u00e4lkeen tiedot joko h\u00e4vitet\u00e4\u00e4n tai tehd\u00e4\u00e4n tunnistamattomiksi muuttamalla ne lopullisesti muotoon, josta yksitt\u00e4inen henkil\u00f6 ei ole tunnistettavissa.<\/p>\n\n\n\n<p>Tietojesi siirt\u00e4minen<\/p>\n\n\n\n<p>Ker\u00e4\u00e4mi\u00e4mme henkil\u00f6tietoja saatetaan s\u00e4ilytet\u00e4\u00e4n ja k\u00e4sitell\u00e4\u00e4n ETA-alueen ulkopuolella (esimerkiksi jos palveluntarjoajamme sijaitsee tai s\u00e4ilytt\u00e4\u00e4 tietoja ETA-alueen ulkopuolella). Palveluntarjoajamme ovat sitoutuneet varmistamaan, ett\u00e4 kaikessa henkil\u00f6tietojen k\u00e4sittelyss\u00e4 taataan riitt\u00e4v\u00e4 tietosuojan taso.<\/p>\n\n\n\n<h3 class=\"wp-block-heading\">4. Oikeutesi<\/h3>\n\n\n\n<p>Tarkastusoikeus ja oikeus vaatia tiedon korjaamista<\/p>\n\n\n\n<p>Sinulla on oikeus tarkistaa henkil\u00f6tietosi ja vaatia mahdollisen virheellisen tiedon korjaamista tai puutteellisen tiedon t\u00e4ydent\u00e4mist\u00e4. Mik\u00e4li haluat tarkistaa sinusta tallennetut tiedot tai vaatia niihin oikaisua, l\u00e4het\u00e4 pyynt\u00f6si t\u00e4m\u00e4n selosteen kohdassa 2 ilmoitettuun s-postiosoitteeseen.<\/p>\n\n\n\n<p>Muut henkil\u00f6tietojen k\u00e4sittelyyn liittyv\u00e4t oikeudet<\/p>\n\n\n\n<p>Sinulla on oikeus pyyt\u00e4\u00e4 henkil\u00f6tietojesi poistamista. Sinulla on my\u00f6s oikeus pyyt\u00e4\u00e4 henkil\u00f6tietojesi k\u00e4sittelyn rajoittamista, tietojesi siirtoa, perua antamasi markkinointisuostumus tai kielt\u00e4\u00e4 suoramarkkinointi. Pyynn\u00f6t tulee l\u00e4hett\u00e4\u00e4 meille kirjallisesti t\u00e4m\u00e4n selosteen kohdassa 2 ilmoitettuun s-postiosoitteeseen.<\/p>\n\n\n\n<p>Yll\u00e4 mainittujen oikeuksien lis\u00e4ksi sinulla on oikeus tehd\u00e4 valitus valvontaviranomaiselle henkil\u00f6tietojesi k\u00e4sittelyst\u00e4.<\/p>\n\n\n\n<h3 class=\"wp-block-heading\">5. Muutokset tietosuojaselosteeseen<\/h3>\n\n\n\n<p>Kehit\u00e4mme tietosuojak\u00e4yt\u00e4nt\u00f6j\u00e4mme ja p\u00e4ivit\u00e4mme t\u00e4t\u00e4 tietosuojaselostetta. Muutokset voivat johtua my\u00f6s lains\u00e4\u00e4d\u00e4nn\u00f6n muuttumiseen.<\/p>\n\n\n\n<h3 class=\"wp-block-heading\">6. EV\u00c4STEET<\/h3>\n\n\n\n<p>K\u00e4yt\u00e4mme sivustollamme ev\u00e4steit\u00e4. Ev\u00e4ste (cookie) on pieni tekstitiedosto, jonka internet-selain tallentaa k\u00e4ytt\u00e4j\u00e4n p\u00e4\u00e4telaitteelle. Sivustomme k\u00e4ytt\u00e4\u00e4 ev\u00e4steit\u00e4 sivuston k\u00e4vij\u00e4seurannassa ja -tilastoinnissa sek\u00e4 sivuston kehitt\u00e4misess\u00e4. K\u00e4ytt\u00e4jien henkil\u00f6tietoja ei yhdistet\u00e4 k\u00e4vij\u00e4tietoihin. Ev\u00e4steiden k\u00e4yt\u00f6n voi est\u00e4\u00e4 selaimen asetuksista.<\/p>\n\n\n\n<p>K\u00e4vij\u00e4tietojen seuraamisessa ja tilastoinnissa k\u00e4ytet\u00e4\u00e4n Google Analyticsia ja Google Tag Manageria. Molemmat ovat Google Inc:n (my\u00f6hemmin Google) yll\u00e4pit\u00e4mi\u00e4 verkkoanalyysipalveluita. Palvelut tallentavat k\u00e4ytt\u00e4j\u00e4n p\u00e4\u00e4telaitteelle ev\u00e4steit\u00e4, jotta se voi analysoida verkkosivuston k\u00e4ytt\u00f6\u00e4. Ev\u00e4steeseen lis\u00e4tyt tiedot v\u00e4litet\u00e4\u00e4n palveluntarjoajalle ja tallennetaan palveluntarjoajan palvelimille. Googlen palvelimet voivat sijaita EU:n tai ETA:n ulkopuolella. Tietojen avulla Google arvioi verkkosivuston k\u00e4ytt\u00f6\u00e4, koostaa k\u00e4ytt\u00f6raportteja verkkosivuston omistajalle ja voi mahdollistaa verkkomainonnan kohdentamisen sivuston k\u00e4ytt\u00e4jille. Palveluntarjoaja voi luovuttaa tiedot kolmansille osapuolille, jos laki velvoittaa siihen.<\/p>\n\n\n\n<p>Lis\u00e4tietoja Googlen tavoista k\u00e4ytt\u00e4\u00e4 ev\u00e4steit\u00e4 saat <a href=\"https:\/\/www.google.com\/policies\/technologies\/cookies\/\">T\u00c4\u00c4LT\u00c4<\/a>.<\/p>\n\n\n\n<p>Googlen tietosuojak\u00e4yt\u00e4nt\u00f6\u00f6n voit tutustua tarkemmin <a href=\"https:\/\/www.google.com\/policies\/privacy\/\">T\u00c4\u00c4LL\u00c4<\/a>.<\/p>\n\n\n\n<p>Verkkosivuillamme on k\u00e4yt\u00f6ss\u00e4 my\u00f6s Facebook-pikseli. Facebook-pikseli on pieni koodinp\u00e4tk\u00e4, joka on liitetty verkkosivuille. Pikselin perusteella verkkosivuilla vierailleelle k\u00e4ytt\u00e4j\u00e4lle on mahdollista kohdentaa Facebook-mainontaa.&nbsp;<\/p>\n\n\n\n<p>Facebookin tietosuojak\u00e4yt\u00e4nt\u00f6\u00f6n voit tutustua tarkemmin <a href=\"https:\/\/www.facebook.com\/business\/gdpr\">T\u00c4\u00c4LL\u00c4<\/a>.&nbsp;<\/p>\n","protected":false},"excerpt":{"rendered":"<p>Tietosuojaseloste 1. Yleist\u00e4 T\u00e4m\u00e4 on Swan 651 Charter Oy:n (j\u00e4ljemp\u00e4n\u00e4 \u201dme\u201d tai \u201dSpirit of Helsinki\u201d) EU:n yleisen tietosuoja-asetuksen ja Suomen&hellip; <a class=\"moretag\" href=\"https:\/\/www.spiritofhelsinki.fi\/fi\/tietosuojaseloste\/\">Read more<\/a><\/p>\n","protected":false},"author":2,"featured_media":679,"parent":0,"menu_order":0,"comment_status":"closed","ping_status":"closed","template":"page-plain.php","meta":{"_acf_changed":false,"_monsterinsights_skip_tracking":false,"_monsterinsights_sitenote_active":false,"_monsterinsights_sitenote_note":"","_monsterinsights_sitenote_category":0,"footnotes":""},"class_list":["post-697","page","type-page","status-publish","has-post-thumbnail","hentry"],"acf":[],"yoast_head":"<!-- This site is optimized with the Yoast SEO plugin v27.6 - https:\/\/yoast.com\/product\/yoast-seo-wordpress\/ -->\n<title>Tietosuojaseloste &#8226; Spirit of Helsinki<\/title>\n<meta name=\"robots\" content=\"index, follow, max-snippet:-1, max-image-preview:large, max-video-preview:-1\" \/>\n<link rel=\"canonical\" href=\"https:\/\/www.spiritofhelsinki.fi\/fi\/tietosuojaseloste\/\" \/>\n<meta property=\"og:locale\" content=\"fi_FI\" \/>\n<meta property=\"og:type\" content=\"article\" \/>\n<meta property=\"og:title\" content=\"Tietosuojaseloste &#8226; Spirit of Helsinki\" \/>\n<meta property=\"og:description\" content=\"Tietosuojaseloste 1. Yleist\u00e4 T\u00e4m\u00e4 on Swan 651 Charter Oy:n (j\u00e4ljemp\u00e4n\u00e4 \u201dme\u201d tai \u201dSpirit of Helsinki\u201d) EU:n yleisen tietosuoja-asetuksen ja Suomen&hellip; Read more\" \/>\n<meta property=\"og:url\" content=\"https:\/\/www.spiritofhelsinki.fi\/fi\/tietosuojaseloste\/\" \/>\n<meta property=\"og:site_name\" content=\"Spirit of Helsinki\" \/>\n<meta property=\"article:publisher\" content=\"https:\/\/www.facebook.com\/spiritofhelsinki\" \/>\n<meta property=\"article:modified_time\" content=\"2023-02-03T13:37:58+00:00\" \/>\n<meta property=\"og:image\" content=\"https:\/\/www.spiritofhelsinki.fi\/wp-content\/uploads\/Swan-MarkoV-iPhone-16-of-60-scaled.jpeg\" \/>\n\t<meta property=\"og:image:width\" content=\"2560\" \/>\n\t<meta property=\"og:image:height\" content=\"1920\" \/>\n\t<meta property=\"og:image:type\" content=\"image\/jpeg\" \/>\n<meta name=\"twitter:card\" content=\"summary_large_image\" \/>\n<meta name=\"twitter:label1\" content=\"Arvioitu lukuaika\" \/>\n\t<meta name=\"twitter:data1\" content=\"3 minuuttia\" \/>\n<script type=\"application\/ld+json\" class=\"yoast-schema-graph\">{\"@context\":\"https:\\\/\\\/schema.org\",\"@graph\":[{\"@type\":\"WebPage\",\"@id\":\"https:\\\/\\\/www.spiritofhelsinki.fi\\\/fi\\\/tietosuojaseloste\\\/\",\"url\":\"https:\\\/\\\/www.spiritofhelsinki.fi\\\/fi\\\/tietosuojaseloste\\\/\",\"name\":\"Tietosuojaseloste &#8226; Spirit of Helsinki\",\"isPartOf\":{\"@id\":\"https:\\\/\\\/www.spiritofhelsinki.fi\\\/fi\\\/#website\"},\"primaryImageOfPage\":{\"@id\":\"https:\\\/\\\/www.spiritofhelsinki.fi\\\/fi\\\/tietosuojaseloste\\\/#primaryimage\"},\"image\":{\"@id\":\"https:\\\/\\\/www.spiritofhelsinki.fi\\\/fi\\\/tietosuojaseloste\\\/#primaryimage\"},\"thumbnailUrl\":\"https:\\\/\\\/www.spiritofhelsinki.fi\\\/wp-content\\\/uploads\\\/Swan-MarkoV-iPhone-16-of-60-scaled.jpeg\",\"datePublished\":\"2021-08-09T07:15:12+00:00\",\"dateModified\":\"2023-02-03T13:37:58+00:00\",\"breadcrumb\":{\"@id\":\"https:\\\/\\\/www.spiritofhelsinki.fi\\\/fi\\\/tietosuojaseloste\\\/#breadcrumb\"},\"inLanguage\":\"fi\",\"potentialAction\":[{\"@type\":\"ReadAction\",\"target\":[\"https:\\\/\\\/www.spiritofhelsinki.fi\\\/fi\\\/tietosuojaseloste\\\/\"]}]},{\"@type\":\"ImageObject\",\"inLanguage\":\"fi\",\"@id\":\"https:\\\/\\\/www.spiritofhelsinki.fi\\\/fi\\\/tietosuojaseloste\\\/#primaryimage\",\"url\":\"https:\\\/\\\/www.spiritofhelsinki.fi\\\/wp-content\\\/uploads\\\/Swan-MarkoV-iPhone-16-of-60-scaled.jpeg\",\"contentUrl\":\"https:\\\/\\\/www.spiritofhelsinki.fi\\\/wp-content\\\/uploads\\\/Swan-MarkoV-iPhone-16-of-60-scaled.jpeg\",\"width\":2560,\"height\":1920},{\"@type\":\"BreadcrumbList\",\"@id\":\"https:\\\/\\\/www.spiritofhelsinki.fi\\\/fi\\\/tietosuojaseloste\\\/#breadcrumb\",\"itemListElement\":[{\"@type\":\"ListItem\",\"position\":1,\"name\":\"Home\",\"item\":\"https:\\\/\\\/www.spiritofhelsinki.fi\\\/fi\\\/\"},{\"@type\":\"ListItem\",\"position\":2,\"name\":\"Tietosuojaseloste\"}]},{\"@type\":\"WebSite\",\"@id\":\"https:\\\/\\\/www.spiritofhelsinki.fi\\\/fi\\\/#website\",\"url\":\"https:\\\/\\\/www.spiritofhelsinki.fi\\\/fi\\\/\",\"name\":\"Spirit of Helsinki\",\"description\":\"Ocean Globe Race 2023\",\"publisher\":{\"@id\":\"https:\\\/\\\/www.spiritofhelsinki.fi\\\/fi\\\/#organization\"},\"potentialAction\":[{\"@type\":\"SearchAction\",\"target\":{\"@type\":\"EntryPoint\",\"urlTemplate\":\"https:\\\/\\\/www.spiritofhelsinki.fi\\\/fi\\\/?s={search_term_string}\"},\"query-input\":{\"@type\":\"PropertyValueSpecification\",\"valueRequired\":true,\"valueName\":\"search_term_string\"}}],\"inLanguage\":\"fi\"},{\"@type\":\"Organization\",\"@id\":\"https:\\\/\\\/www.spiritofhelsinki.fi\\\/fi\\\/#organization\",\"name\":\"Spirit of Helsinki\",\"url\":\"https:\\\/\\\/www.spiritofhelsinki.fi\\\/fi\\\/\",\"logo\":{\"@type\":\"ImageObject\",\"inLanguage\":\"fi\",\"@id\":\"https:\\\/\\\/www.spiritofhelsinki.fi\\\/fi\\\/#\\\/schema\\\/logo\\\/image\\\/\",\"url\":\"https:\\\/\\\/www.spiritofhelsinki.fi\\\/wp-content\\\/uploads\\\/soh2.jpg\",\"contentUrl\":\"https:\\\/\\\/www.spiritofhelsinki.fi\\\/wp-content\\\/uploads\\\/soh2.jpg\",\"width\":696,\"height\":696,\"caption\":\"Spirit of Helsinki\"},\"image\":{\"@id\":\"https:\\\/\\\/www.spiritofhelsinki.fi\\\/fi\\\/#\\\/schema\\\/logo\\\/image\\\/\"},\"sameAs\":[\"https:\\\/\\\/www.facebook.com\\\/spiritofhelsinki\",\"https:\\\/\\\/www.instagram.com\\\/spiritofhelsinki\\\/\"]}]}<\/script>\n<!-- \/ Yoast SEO plugin. -->","yoast_head_json":{"title":"Tietosuojaseloste &#8226; Spirit of Helsinki","robots":{"index":"index","follow":"follow","max-snippet":"max-snippet:-1","max-image-preview":"max-image-preview:large","max-video-preview":"max-video-preview:-1"},"canonical":"https:\/\/www.spiritofhelsinki.fi\/fi\/tietosuojaseloste\/","og_locale":"fi_FI","og_type":"article","og_title":"Tietosuojaseloste &#8226; Spirit of Helsinki","og_description":"Tietosuojaseloste 1. Yleist\u00e4 T\u00e4m\u00e4 on Swan 651 Charter Oy:n (j\u00e4ljemp\u00e4n\u00e4 \u201dme\u201d tai \u201dSpirit of Helsinki\u201d) EU:n yleisen tietosuoja-asetuksen ja Suomen&hellip; Read more","og_url":"https:\/\/www.spiritofhelsinki.fi\/fi\/tietosuojaseloste\/","og_site_name":"Spirit of Helsinki","article_publisher":"https:\/\/www.facebook.com\/spiritofhelsinki","article_modified_time":"2023-02-03T13:37:58+00:00","og_image":[{"width":2560,"height":1920,"url":"https:\/\/www.spiritofhelsinki.fi\/wp-content\/uploads\/Swan-MarkoV-iPhone-16-of-60-scaled.jpeg","type":"image\/jpeg"}],"twitter_card":"summary_large_image","twitter_misc":{"Arvioitu lukuaika":"3 minuuttia"},"schema":{"@context":"https:\/\/schema.org","@graph":[{"@type":"WebPage","@id":"https:\/\/www.spiritofhelsinki.fi\/fi\/tietosuojaseloste\/","url":"https:\/\/www.spiritofhelsinki.fi\/fi\/tietosuojaseloste\/","name":"Tietosuojaseloste &#8226; Spirit of Helsinki","isPartOf":{"@id":"https:\/\/www.spiritofhelsinki.fi\/fi\/#website"},"primaryImageOfPage":{"@id":"https:\/\/www.spiritofhelsinki.fi\/fi\/tietosuojaseloste\/#primaryimage"},"image":{"@id":"https:\/\/www.spiritofhelsinki.fi\/fi\/tietosuojaseloste\/#primaryimage"},"thumbnailUrl":"https:\/\/www.spiritofhelsinki.fi\/wp-content\/uploads\/Swan-MarkoV-iPhone-16-of-60-scaled.jpeg","datePublished":"2021-08-09T07:15:12+00:00","dateModified":"2023-02-03T13:37:58+00:00","breadcrumb":{"@id":"https:\/\/www.spiritofhelsinki.fi\/fi\/tietosuojaseloste\/#breadcrumb"},"inLanguage":"fi","potentialAction":[{"@type":"ReadAction","target":["https:\/\/www.spiritofhelsinki.fi\/fi\/tietosuojaseloste\/"]}]},{"@type":"ImageObject","inLanguage":"fi","@id":"https:\/\/www.spiritofhelsinki.fi\/fi\/tietosuojaseloste\/#primaryimage","url":"https:\/\/www.spiritofhelsinki.fi\/wp-content\/uploads\/Swan-MarkoV-iPhone-16-of-60-scaled.jpeg","contentUrl":"https:\/\/www.spiritofhelsinki.fi\/wp-content\/uploads\/Swan-MarkoV-iPhone-16-of-60-scaled.jpeg","width":2560,"height":1920},{"@type":"BreadcrumbList","@id":"https:\/\/www.spiritofhelsinki.fi\/fi\/tietosuojaseloste\/#breadcrumb","itemListElement":[{"@type":"ListItem","position":1,"name":"Home","item":"https:\/\/www.spiritofhelsinki.fi\/fi\/"},{"@type":"ListItem","position":2,"name":"Tietosuojaseloste"}]},{"@type":"WebSite","@id":"https:\/\/www.spiritofhelsinki.fi\/fi\/#website","url":"https:\/\/www.spiritofhelsinki.fi\/fi\/","name":"Spirit of Helsinki","description":"Ocean Globe Race 2023","publisher":{"@id":"https:\/\/www.spiritofhelsinki.fi\/fi\/#organization"},"potentialAction":[{"@type":"SearchAction","target":{"@type":"EntryPoint","urlTemplate":"https:\/\/www.spiritofhelsinki.fi\/fi\/?s={search_term_string}"},"query-input":{"@type":"PropertyValueSpecification","valueRequired":true,"valueName":"search_term_string"}}],"inLanguage":"fi"},{"@type":"Organization","@id":"https:\/\/www.spiritofhelsinki.fi\/fi\/#organization","name":"Spirit of Helsinki","url":"https:\/\/www.spiritofhelsinki.fi\/fi\/","logo":{"@type":"ImageObject","inLanguage":"fi","@id":"https:\/\/www.spiritofhelsinki.fi\/fi\/#\/schema\/logo\/image\/","url":"https:\/\/www.spiritofhelsinki.fi\/wp-content\/uploads\/soh2.jpg","contentUrl":"https:\/\/www.spiritofhelsinki.fi\/wp-content\/uploads\/soh2.jpg","width":696,"height":696,"caption":"Spirit of Helsinki"},"image":{"@id":"https:\/\/www.spiritofhelsinki.fi\/fi\/#\/schema\/logo\/image\/"},"sameAs":["https:\/\/www.facebook.com\/spiritofhelsinki","https:\/\/www.instagram.com\/spiritofhelsinki\/"]}]}},"_links":{"self":[{"href":"https:\/\/www.spiritofhelsinki.fi\/fi\/wp-json\/wp\/v2\/pages\/697","targetHints":{"allow":["GET"]}}],"collection":[{"href":"https:\/\/www.spiritofhelsinki.fi\/fi\/wp-json\/wp\/v2\/pages"}],"about":[{"href":"https:\/\/www.spiritofhelsinki.fi\/fi\/wp-json\/wp\/v2\/types\/page"}],"author":[{"embeddable":true,"href":"https:\/\/www.spiritofhelsinki.fi\/fi\/wp-json\/wp\/v2\/users\/2"}],"replies":[{"embeddable":true,"href":"https:\/\/www.spiritofhelsinki.fi\/fi\/wp-json\/wp\/v2\/comments?post=697"}],"version-history":[{"count":0,"href":"https:\/\/www.spiritofhelsinki.fi\/fi\/wp-json\/wp\/v2\/pages\/697\/revisions"}],"wp:featuredmedia":[{"embeddable":true,"href":"https:\/\/www.spiritofhelsinki.fi\/fi\/wp-json\/wp\/v2\/media\/679"}],"wp:attachment":[{"href":"https:\/\/www.spiritofhelsinki.fi\/fi\/wp-json\/wp\/v2\/media?parent=697"}],"curies":[{"name":"wp","href":"https:\/\/api.w.org\/{rel}","templated":true}]}}